{"id":4,"date":"2017-06-10T21:14:05","date_gmt":"2017-06-10T21:14:05","guid":{"rendered":"http:\/\/swim-master.online\/?page_id=4"},"modified":"2022-02-09T07:50:03","modified_gmt":"2022-02-09T07:50:03","slug":"startseite","status":"publish","type":"page","link":"https:\/\/swim-aktiv.de\/","title":{"rendered":"SWIM-Aktiv"},"content":{"rendered":"\n<p>Wir sind eine professionelle &amp; qualifizierte Schwimmschule mit fachkundigen Schwimmlehrern &amp; Schwimmlehrerinnen. Das Wasser ist und bleibt das sch\u00f6nste und lebenswichtigste Elemente auf unserer Erde. Die Bewegung und die unz\u00e4hligen M\u00f6glichkeiten mit dem Wasser zu agieren machen es unverwechselbar, interessant und einzigartig.<\/p>\n\n\n\n<p>Als Fachpersonal, Eltern und Sportbegeisternde sind wir seit Jahrzehnten in der B\u00e4der-und Schwimmsportbranchen t\u00e4tig und zeichnen uns durch unsere langj\u00e4hrige Erfahrung, Zeitgeist, Weiterbildungen und nehmen die Herausforderung an, allen die M\u00f6glichkeiten zu schaffen sich dieses lebenswichtige Element &#8222;Wasser&#8220; n\u00e4her zu bringen. <\/p>\n\n\n\n<p>Wir bieten nicht nur Kurse, \u00dcbungsstunden und Einzelunterricht rund um das Thema aktiv im Wasser an. Ob f\u00fcr Schwimmanf\u00e4nger, Fortgeschrittene oder Schwimm-Technik begeisterte die das Element Wasser f\u00fcr sich entdeckt haben sondern m\u00f6chten auch allen helfen die Hindernisse dar\u00fcber haben.<\/p>\n\n\n\n<p>Wir geh\u00f6ren zu den <strong>SWIM-MASTER Group<\/strong>, ein Zusammenschluss von Profis aus der B\u00e4derbranche von Absolventen und Fachkr\u00e4ften wie: Schwimmmeistergehilfen, Schwimmmeister, Fachangestellte f\u00fcr B\u00e4derbetriebe, Meister f\u00fcr B\u00e4derbetrieben, Schwimmlehrer, Sportlehrer, Saunameister, Wellnesstrainer &#8211; und Spezialisten aus den Bereiche B\u00e4dertechnik, Schwimmbadbetrieb, Schwimmschule, B\u00e4dermanagement, Betriebswirten und den gesamten Breitensport im Bereich der Wasserm\u00f6glichkeiten. <\/p>\n\n\n\n<p><\/p>\n\n\n\n<p><\/p>\n\n\n\n<div class=\"wp-block-media-text is-stacked-on-mobile is-vertically-aligned-center is-image-fill\"><figure class=\"wp-block-media-text__media\" style=\"background-image:url(http:\/\/swim-aktiv.de\/wp-content\/uploads\/2022\/02\/AdobeStock_54498239-1024x683.jpeg);background-position:60% 41%\"><img loading=\"lazy\" width=\"1024\" height=\"683\" src=\"http:\/\/swim-aktiv.de\/wp-content\/uploads\/2022\/02\/AdobeStock_54498239-1024x683.jpeg\" alt=\"\" class=\"wp-image-340 size-full\" srcset=\"https:\/\/swim-aktiv.de\/wp-content\/uploads\/2022\/02\/AdobeStock_54498239-1024x683.jpeg 1024w, https:\/\/swim-aktiv.de\/wp-content\/uploads\/2022\/02\/AdobeStock_54498239-300x200.jpeg 300w, https:\/\/swim-aktiv.de\/wp-content\/uploads\/2022\/02\/AdobeStock_54498239-768x512.jpeg 768w, https:\/\/swim-aktiv.de\/wp-content\/uploads\/2022\/02\/AdobeStock_54498239-1536x1024.jpeg 1536w, https:\/\/swim-aktiv.de\/wp-content\/uploads\/2022\/02\/AdobeStock_54498239-2048x1365.jpeg 2048w\" sizes=\"(max-width: 1024px) 100vw, 1024px\" \/><\/figure><div class=\"wp-block-media-text__content\">\n<p class=\"has-large-font-size\">Freude an der Bewegung im Wasser<\/p>\n<\/div><\/div>\n\n\n\n<p><\/p>\n\n\n\n<p>Bei vielen sieht es so leicht und unvoreingenommen aus. Das ist aber nicht selbstverst\u00e4ndlich. Sich im Wasser spielerisch und mit Spa\u00df zu Bewegen muss man in jeder Situation stressfrei &amp; angstfrei entfalten k\u00f6nnen. Oft ist besonders das tiefe Wasser eine gro\u00dfe H\u00fcrde, da schon sehr fr\u00fch sich eine Angst aufgebaut hat die sich \u00fcber die Jahre weiter ausbreiten hat k\u00f6nnen. Wir wollen allen die Freude an der Bewegung im Wasser zeigen und ein Leben mit dem Wasser steigern.<\/p>\n\n\n\n<hr class=\"wp-block-separator has-text-color has-background has-vivid-cyan-blue-background-color has-vivid-cyan-blue-color is-style-wide\"\/>\n\n\n\n<div class=\"wp-block-media-text is-stacked-on-mobile is-vertically-aligned-center is-image-fill\"><figure class=\"wp-block-media-text__media\" style=\"background-image:url(https:\/\/swim-aktiv.de\/wp-content\/uploads\/2022\/02\/AdobeStock_316303068-scaled.jpeg);background-position:50% 50%\"><img loading=\"lazy\" width=\"2560\" height=\"1707\" src=\"https:\/\/swim-aktiv.de\/wp-content\/uploads\/2022\/02\/AdobeStock_316303068-scaled.jpeg\" alt=\"\" class=\"wp-image-323 size-full\" srcset=\"https:\/\/swim-aktiv.de\/wp-content\/uploads\/2022\/02\/AdobeStock_316303068-scaled.jpeg 2560w, https:\/\/swim-aktiv.de\/wp-content\/uploads\/2022\/02\/AdobeStock_316303068-300x200.jpeg 300w, https:\/\/swim-aktiv.de\/wp-content\/uploads\/2022\/02\/AdobeStock_316303068-1024x683.jpeg 1024w, https:\/\/swim-aktiv.de\/wp-content\/uploads\/2022\/02\/AdobeStock_316303068-768x512.jpeg 768w, https:\/\/swim-aktiv.de\/wp-content\/uploads\/2022\/02\/AdobeStock_316303068-1536x1024.jpeg 1536w, https:\/\/swim-aktiv.de\/wp-content\/uploads\/2022\/02\/AdobeStock_316303068-2048x1365.jpeg 2048w\" sizes=\"(max-width: 2560px) 100vw, 2560px\" \/><\/figure><div class=\"wp-block-media-text__content\">\n<p class=\"has-large-font-size\">Schwimmkurs<\/p>\n<\/div><\/div>\n\n\n\n<p><\/p>\n\n\n\n<p>Der Schwimmkurs ist eines der wichtigsten F\u00e4higkeiten von Kindern, die Eltern versuchen ihren S\u00f6hnen und T\u00f6chtern bei zu bringen,  um einen sicheren Umgang mit dem Wasser und einen erholsamen Urlaub zu garantieren. Als Eltern ist es immer eine Gradwanderung &#8222;was kann ich meinem Kind erlernen&#8220; und was muss mein Kind &#8222;gelernt bekommen&#8220;. Die Angst im Wasser zu \u00fcberwinden und das Schwimmen zu erlernen ist f\u00fcr Eltern nicht leicht Ihren eigenen Kindern bei zu bringen. Die Sorge der Eltern steigt mit dem Alter der Kinder und wird in den Jahren immer Gr\u00f6\u00dfer, da das Schwimmen und eine sichere Bewegung im Wasser im Kindesalter am schnellsten erlernt werden kann. Die eigenen Mittel oder generell die Chancen es in eigenen Kindern zu lernen ist in der heutigen Zeit sehr erschwert oder unm\u00f6glich. <\/p>\n\n\n\n<hr class=\"wp-block-separator has-text-color has-background has-vivid-cyan-blue-background-color has-vivid-cyan-blue-color is-style-wide\"\/>\n\n\n\n<div class=\"wp-block-media-text is-stacked-on-mobile is-vertically-aligned-center is-image-fill\"><figure class=\"wp-block-media-text__media\" style=\"background-image:url(http:\/\/swim-aktiv.de\/wp-content\/uploads\/2022\/02\/Fotolia_157552228_M-1024x690.jpg);background-position:63% 7.000000000000001%\"><img loading=\"lazy\" width=\"1024\" height=\"690\" src=\"http:\/\/swim-aktiv.de\/wp-content\/uploads\/2022\/02\/Fotolia_157552228_M-1024x690.jpg\" alt=\"\" class=\"wp-image-299 size-full\" srcset=\"https:\/\/swim-aktiv.de\/wp-content\/uploads\/2022\/02\/Fotolia_157552228_M-1024x690.jpg 1024w, https:\/\/swim-aktiv.de\/wp-content\/uploads\/2022\/02\/Fotolia_157552228_M-300x202.jpg 300w, https:\/\/swim-aktiv.de\/wp-content\/uploads\/2022\/02\/Fotolia_157552228_M-768x518.jpg 768w, https:\/\/swim-aktiv.de\/wp-content\/uploads\/2022\/02\/Fotolia_157552228_M-1536x1036.jpg 1536w, https:\/\/swim-aktiv.de\/wp-content\/uploads\/2022\/02\/Fotolia_157552228_M.jpg 1679w\" sizes=\"(max-width: 1024px) 100vw, 1024px\" \/><\/figure><div class=\"wp-block-media-text__content\">\n<p class=\"has-large-font-size\">Schwimmunterricht<\/p>\n<\/div><\/div>\n\n\n\n<p><\/p>\n\n\n\n<p>Der Schwimmunterricht ist eines der wichtigsten und zugleich schwierigsten Unterrichtseinheiten heut zu tage. Der Schwimmunterricht ist im Schulsport fest integriert. Meistens aber wird den Lehrern und den Sch\u00fclern die M\u00f6glichkeit es zu eines der wichtigsten und zugleich<\/p>\n\n\n\n<p>Die F\u00e4higkeit sich im Wasser sicher zu bewegen ist unumstritten aber bei vielen Eltern, Schulen, Vereinen und Wassersportbranchen ein gro\u00dfes Problem. Die Bed\u00fcrfnisse und die Wichtigkeit sich im Wasser bewusst und sicher zu bewegen ist eines der F\u00e4higkeiten eines Kindes welches immer schwieriger wird allen gerecht zu werden. Umso wichtiger ist es die M\u00f6glichkeiten und die Flexibilit\u00e4t der heutigen Zeit mit zu nutzen und den Kindern ein lebenswichtiges Gut anbieten zu k\u00f6nnen. Wir unterst\u00fctzen die Schulen, Organisationen und Vereinen in der Umsetzung und erweitern die bestehenden Angebote.<\/p>\n\n\n\n<hr class=\"wp-block-separator has-text-color has-background has-vivid-cyan-blue-background-color has-vivid-cyan-blue-color is-style-wide\"\/>\n\n\n\n<div class=\"wp-block-media-text is-stacked-on-mobile is-image-fill\"><figure class=\"wp-block-media-text__media\" style=\"background-image:url(https:\/\/swim-aktiv.de\/wp-content\/uploads\/2018\/02\/Fotolia_143777213_S.jpg);background-position:50% 50%\"><img loading=\"lazy\" width=\"848\" height=\"566\" src=\"https:\/\/swim-aktiv.de\/wp-content\/uploads\/2018\/02\/Fotolia_143777213_S.jpg\" alt=\"\" class=\"wp-image-194 size-full\" srcset=\"https:\/\/swim-aktiv.de\/wp-content\/uploads\/2018\/02\/Fotolia_143777213_S.jpg 848w, https:\/\/swim-aktiv.de\/wp-content\/uploads\/2018\/02\/Fotolia_143777213_S-300x200.jpg 300w, https:\/\/swim-aktiv.de\/wp-content\/uploads\/2018\/02\/Fotolia_143777213_S-768x513.jpg 768w\" sizes=\"(max-width: 848px) 100vw, 848px\" \/><\/figure><div class=\"wp-block-media-text__content\">\n<p class=\"has-large-font-size\">Technikschwimmen<\/p>\n<\/div><\/div>\n\n\n\n<p><\/p>\n\n\n\n<p>Nach einem sicheren Wassergef\u00fchl und Fortbewegung im Wasser ist es immer von Vorteil seine F\u00e4higkeiten zu optimieren und die Sportart Schwimmen zu entdecken. Es muss aber auch nicht immer gleich der Leistungssport sein. Eine gesunde und technisch korrekte Bewegung schont nicht nur die Gelenke und den Bewegungsablauf sondern spart enorm viel Energie und steigert somit die Ausdauer erheblich. Mit kleinen Ver\u00e4nderungen lassen sich effektive Bewegungsabl\u00e4ufe erzeugen die leichter,  schonender und leichter den Vortrieb im Wasser realisieren.<\/p>\n\n\n\n<hr class=\"wp-block-separator has-text-color has-background has-vivid-cyan-blue-background-color has-vivid-cyan-blue-color is-style-wide\"\/>\n\n\n\n<div class=\"wp-block-media-text is-stacked-on-mobile is-image-fill\"><figure class=\"wp-block-media-text__media\" style=\"background-image:url(http:\/\/swim-aktiv.de\/wp-content\/uploads\/2022\/02\/AdobeStock_282186863-1024x683.jpeg);background-position:0% 100%\"><img loading=\"lazy\" width=\"1024\" height=\"683\" src=\"http:\/\/swim-aktiv.de\/wp-content\/uploads\/2022\/02\/AdobeStock_282186863-1024x683.jpeg\" alt=\"\" class=\"wp-image-339 size-full\" srcset=\"https:\/\/swim-aktiv.de\/wp-content\/uploads\/2022\/02\/AdobeStock_282186863-1024x683.jpeg 1024w, https:\/\/swim-aktiv.de\/wp-content\/uploads\/2022\/02\/AdobeStock_282186863-300x200.jpeg 300w, https:\/\/swim-aktiv.de\/wp-content\/uploads\/2022\/02\/AdobeStock_282186863-768x512.jpeg 768w, https:\/\/swim-aktiv.de\/wp-content\/uploads\/2022\/02\/AdobeStock_282186863-1536x1024.jpeg 1536w, https:\/\/swim-aktiv.de\/wp-content\/uploads\/2022\/02\/AdobeStock_282186863-2048x1365.jpeg 2048w\" sizes=\"(max-width: 1024px) 100vw, 1024px\" \/><\/figure><div class=\"wp-block-media-text__content\">\n<p class=\"has-large-font-size\">Wassergymnastik<\/p>\n<\/div><\/div>\n\n\n\n<p><\/p>\n\n\n\n<p><\/p>\n\n\n\n<p><\/p>\n\n\n\n<p><\/p>\n\n\n\n<p>Unsere Kurse und Trainingsziele beinhalten<\/p>\n\n\n\n<ul><li>Fachkundige Schwimmlehrer-\/Kursleiter-\/Trainer<\/li><li>Kleine Gruppen bis hin zur Einzel Betreuung-\/ Unterricht<\/li><li>Qualifizierte &amp; fachkundige Durchf\u00fchrung<\/li><li>Individuelle Betreuung<\/li><li>Ungest\u00f6rte \u00dcbungs- und Trainingsatmosph\u00e4re<\/li><li>Unsere Kurse finden i.d.R. au\u00dferhalb des \u00f6ffentlichen Badebetriebs statt<\/li><\/ul>\n\n\n\n<p><\/p>\n\n\n\n<hr class=\"wp-block-separator is-style-wide\"\/>\n\n\n\n<h4 id=\"unsere-internetseite-befindet-sich-gerade-im-umbau-weitere-informationen-folgen-in-kurze\"><strong>Unsere Internetseite befindet sich gerade im Umbau \/ Weitere Informationen folgen in K\u00fcrze&#8230;&#8230;.<\/strong><\/h4>\n","protected":false},"excerpt":{"rendered":"<p>Wir sind eine professionelle &amp; qualifizierte Schwimmschule mit fachkundigen Schwimmlehrern &amp; Schwimmlehrerinnen. Das Wasser ist und bleibt das sch\u00f6nste und<\/p>\n","protected":false},"author":1,"featured_media":0,"parent":0,"menu_order":1,"comment_status":"closed","ping_status":"closed","template":"","meta":[],"_links":{"self":[{"href":"https:\/\/swim-aktiv.de\/index.php?rest_route=\/wp\/v2\/pages\/4"}],"collection":[{"href":"https:\/\/swim-aktiv.de\/index.php?rest_route=\/wp\/v2\/pages"}],"about":[{"href":"https:\/\/swim-aktiv.de\/index.php?rest_route=\/wp\/v2\/types\/page"}],"author":[{"embeddable":true,"href":"https:\/\/swim-aktiv.de\/index.php?rest_route=\/wp\/v2\/users\/1"}],"replies":[{"embeddable":true,"href":"https:\/\/swim-aktiv.de\/index.php?rest_route=%2Fwp%2Fv2%2Fcomments&post=4"}],"version-history":[{"count":49,"href":"https:\/\/swim-aktiv.de\/index.php?rest_route=\/wp\/v2\/pages\/4\/revisions"}],"predecessor-version":[{"id":343,"href":"https:\/\/swim-aktiv.de\/index.php?rest_route=\/wp\/v2\/pages\/4\/revisions\/343"}],"wp:attachment":[{"href":"https:\/\/swim-aktiv.de\/index.php?rest_route=%2Fwp%2Fv2%2Fmedia&parent=4"}],"curies":[{"name":"wp","href":"https:\/\/api.w.org\/{rel}","templated":true}]}}