{"id":293,"date":"2022-02-07T17:06:41","date_gmt":"2022-02-07T17:06:41","guid":{"rendered":"http:\/\/swim-aktiv.de\/?page_id=293"},"modified":"2022-02-07T17:06:41","modified_gmt":"2022-02-07T17:06:41","slug":"bewegung-im-wasser","status":"publish","type":"page","link":"https:\/\/swim-aktiv.de\/?page_id=293","title":{"rendered":"Bewegung im Wasser"},"content":{"rendered":"<p>Es gibt eine zahlreiche M\u00f6glichkeit das Wasser f\u00fcr sich zu gewinnen.<\/p>\n<ul>\n<li>Wassertherapie<\/li>\n<li>Wassergew\u00f6hnung<\/li>\n<li>Wasserbew\u00e4ltigung<\/li>\n<li>Wassergymnastig<\/li>\n<li>Wasseraerobic<\/li>\n<li>und noch viele mehr&#8230;&#8230;.<\/li>\n<\/ul>\n<p>&nbsp;<\/p>\n<p>&nbsp;<\/p>\n<p>&nbsp;<\/p>\n","protected":false},"excerpt":{"rendered":"<p>Es gibt eine zahlreiche M\u00f6glichkeit das Wasser f\u00fcr sich zu gewinnen. Wassertherapie Wassergew\u00f6hnung Wasserbew\u00e4ltigung Wassergymnastig Wasseraerobic und noch viele mehr&#8230;&#8230;.<\/p>\n","protected":false},"author":1,"featured_media":0,"parent":0,"menu_order":3,"comment_status":"closed","ping_status":"closed","template":"","meta":[],"_links":{"self":[{"href":"https:\/\/swim-aktiv.de\/index.php?rest_route=\/wp\/v2\/pages\/293"}],"collection":[{"href":"https:\/\/swim-aktiv.de\/index.php?rest_route=\/wp\/v2\/pages"}],"about":[{"href":"https:\/\/swim-aktiv.de\/index.php?rest_route=\/wp\/v2\/types\/page"}],"author":[{"embeddable":true,"href":"https:\/\/swim-aktiv.de\/index.php?rest_route=\/wp\/v2\/users\/1"}],"replies":[{"embeddable":true,"href":"https:\/\/swim-aktiv.de\/index.php?rest_route=%2Fwp%2Fv2%2Fcomments&post=293"}],"version-history":[{"count":1,"href":"https:\/\/swim-aktiv.de\/index.php?rest_route=\/wp\/v2\/pages\/293\/revisions"}],"predecessor-version":[{"id":294,"href":"https:\/\/swim-aktiv.de\/index.php?rest_route=\/wp\/v2\/pages\/293\/revisions\/294"}],"wp:attachment":[{"href":"https:\/\/swim-aktiv.de\/index.php?rest_route=%2Fwp%2Fv2%2Fmedia&parent=293"}],"curies":[{"name":"wp","href":"https:\/\/api.w.org\/{rel}","templated":true}]}}