{"id":238,"date":"2018-02-11T00:16:53","date_gmt":"2018-02-11T00:16:53","guid":{"rendered":"http:\/\/swim-aktiv.de\/?page_id=238"},"modified":"2022-02-07T17:01:14","modified_gmt":"2022-02-07T17:01:14","slug":"kinderschwimmkurse","status":"publish","type":"page","link":"https:\/\/swim-aktiv.de\/?page_id=238","title":{"rendered":"Schwimmen f\u00fcr Kinder"},"content":{"rendered":"<p><strong>Kinderschwimmkurse<\/strong><\/p>\n<p><img loading=\"lazy\" class=\"aligncenter wp-image-123 size-large\" src=\"http:\/\/swim-aktiv.de\/wp-content\/uploads\/2017\/07\/Fotolia_157552228_M-e1498990851685-1024x690.jpg\" alt=\"\" width=\"800\" height=\"539\" \/><\/p>\n<p>Mit unserem kompetenten Schwimmlehrer-TEAM sowie der langj\u00e4hrigen Erfahrung im Bereich des Kinderschwimmens freuen wir uns den Kindern das Element Wasser n\u00e4her zu bringen und ihnen das Schwimmen zu erlernen.<\/p>\n<p>Im Anf\u00e4ngerschwimmkurs machen die Kinder erste Erfahrungen unter, \u00fcber Wasser und in weiterer Folge lernen sie sich selbstst\u00e4ndig im Wasser zu bewegen. Der Fokus liegt am Erlernen des Beinschlages in Bauch- und R\u00fcckenlage sowie die ersten Grundz\u00fcge des Brustschwimmens.<\/p>\n<p>Ziel des Kurses ist, dass sich die Kinder ohne Schwimmhilfe in Bauch und R\u00fcckenlage vorw\u00e4rts bewegen k\u00f6nnen.<\/p>\n<p>&nbsp;<\/p>\n","protected":false},"excerpt":{"rendered":"<p>Kinderschwimmkurse Mit unserem kompetenten Schwimmlehrer-TEAM sowie der langj\u00e4hrigen Erfahrung im Bereich des Kinderschwimmens freuen wir uns den Kindern das Element<\/p>\n","protected":false},"author":1,"featured_media":0,"parent":119,"menu_order":1,"comment_status":"closed","ping_status":"closed","template":"","meta":[],"_links":{"self":[{"href":"https:\/\/swim-aktiv.de\/index.php?rest_route=\/wp\/v2\/pages\/238"}],"collection":[{"href":"https:\/\/swim-aktiv.de\/index.php?rest_route=\/wp\/v2\/pages"}],"about":[{"href":"https:\/\/swim-aktiv.de\/index.php?rest_route=\/wp\/v2\/types\/page"}],"author":[{"embeddable":true,"href":"https:\/\/swim-aktiv.de\/index.php?rest_route=\/wp\/v2\/users\/1"}],"replies":[{"embeddable":true,"href":"https:\/\/swim-aktiv.de\/index.php?rest_route=%2Fwp%2Fv2%2Fcomments&post=238"}],"version-history":[{"count":9,"href":"https:\/\/swim-aktiv.de\/index.php?rest_route=\/wp\/v2\/pages\/238\/revisions"}],"predecessor-version":[{"id":292,"href":"https:\/\/swim-aktiv.de\/index.php?rest_route=\/wp\/v2\/pages\/238\/revisions\/292"}],"up":[{"embeddable":true,"href":"https:\/\/swim-aktiv.de\/index.php?rest_route=\/wp\/v2\/pages\/119"}],"wp:attachment":[{"href":"https:\/\/swim-aktiv.de\/index.php?rest_route=%2Fwp%2Fv2%2Fmedia&parent=238"}],"curies":[{"name":"wp","href":"https:\/\/api.w.org\/{rel}","templated":true}]}}