{"id":155,"date":"2018-02-09T16:28:53","date_gmt":"2018-02-09T16:28:53","guid":{"rendered":"http:\/\/swim-aktiv.de\/?page_id=155"},"modified":"2018-02-11T00:20:07","modified_gmt":"2018-02-11T00:20:07","slug":"schwimmabzeichen","status":"publish","type":"page","link":"https:\/\/swim-aktiv.de\/?page_id=155","title":{"rendered":"Schwimmabzeichen"},"content":{"rendered":"<p><img loading=\"lazy\" class=\"size-full wp-image-159 alignright\" src=\"http:\/\/swim-aktiv.de\/wp-content\/uploads\/2018\/02\/assetService.gif\" alt=\"\" width=\"100\" height=\"100\" \/><\/p>\n<p><strong>Fr\u00fchschwimmer (Seepferdchen)<\/strong><\/p>\n<ul>\n<li>Fr\u00fchschwimmer<\/li>\n<li>Sprung vom Beckenrand und 25 m Schwimmen<\/li>\n<li>Heraufholen eines Gegenstandes mit den H\u00e4nden aus Schulter-tiefem Wasser<\/li>\n<\/ul>\n<hr \/>\n<p><strong>Jugendschwimmabzeichen Bronze (Freischwimmer)<\/strong><\/p>\n<p><strong><img loading=\"lazy\" class=\"size-full wp-image-160 alignright\" src=\"http:\/\/swim-aktiv.de\/wp-content\/uploads\/2018\/02\/assetService2.gif\" alt=\"\" width=\"100\" height=\"100\" \/><\/strong><\/p>\n<ul>\n<li>Sprung vom Beckenrand und mindestens 200 m Schwimmen in h\u00f6chstens 15<\/li>\n<li>Minuten<\/li>\n<li>einmal ca. 2 m Tieftauchen von der Wasseroberfl\u00e4che mit Heraufholen eines Gegenstandes<\/li>\n<li>Sprung aus 1 m H\u00f6he oder Startsprung<\/li>\n<li>Kenntnis der Baderegeln<\/li>\n<\/ul>\n<hr \/>\n<p><strong>Jugendschwimmabzeichen Silber<\/strong><\/p>\n<p><img loading=\"lazy\" class=\"size-full wp-image-157 alignright\" src=\"http:\/\/swim-aktiv.de\/wp-content\/uploads\/2018\/02\/assetService-2.gif\" alt=\"\" width=\"100\" height=\"100\" \/><\/p>\n<ul>\n<li>Startsprung und mindestens 400 m Schwimmen in h\u00f6chstens 25 Minuten,<\/li>\n<li>davon 300 m in Bauch- und 100 m in R\u00fcckenlage<\/li>\n<li>zweimal ca. 2 m Tieftauchen von der Wasseroberfl\u00e4che mit Heraufholen je eines Gegenstandes<\/li>\n<li>10 m Streckentauchen<\/li>\n<li>Sprung aus 3 m H\u00f6he<\/li>\n<li>Kenntnis der Baderegeln und der Selbstrettung<\/li>\n<\/ul>\n<hr \/>\n<p><strong>Jugendschwimmabzeichen Gold<\/strong><br \/>\nMindestalter 9 Jahre<\/p>\n<p><img loading=\"lazy\" class=\"size-full wp-image-158 alignright\" src=\"http:\/\/swim-aktiv.de\/wp-content\/uploads\/2018\/02\/assetService-3.gif\" alt=\"\" width=\"100\" height=\"100\" \/><\/p>\n<ul>\n<li>600 m Schwimmen in h\u00f6chstens 24 Minuten<\/li>\n<li>50 m Brustschwimmen in h\u00f6chstens 1:10 Minuten<\/li>\n<li>25 m Kraulschwimmen<\/li>\n<li>50 m R\u00fcckenschwimmen mit Gr\u00e4tschschwung ohne Armt\u00e4tigkeit oder 50 m R\u00fcckenkraulschwimmen<\/li>\n<li>15 m Streckentauchen<\/li>\n<li>Tieftauchen von der Wasseroberfl\u00e4che mit Heraufholen von drei Tauchringen aus einer Wassertiefe von etwa 2 Metern innerhalb von 3 Minuten in h\u00f6chstens 3 Tauchversuchen<\/li>\n<li>Sprung aus 3 m H\u00f6he<\/li>\n<li>50 m Transportschwimmen: Schieben oder Ziehen<\/li>\n<li>Kenntnis der Baderegeln<\/li>\n<li>Hilfe bei Bade-, Boots- und Eisunf\u00e4llen (Selbst- und einfache Fremdrettung)<\/li>\n<\/ul>\n<hr \/>\n<p><strong>Schwimmabzeichen Bronze<\/strong><br \/>\nMindestalter 18 Jahre<img loading=\"lazy\" class=\"size-full wp-image-169 alignright\" src=\"http:\/\/swim-aktiv.de\/wp-content\/uploads\/2018\/02\/assetService-1.gif\" alt=\"\" width=\"100\" height=\"100\" \/><\/p>\n<ul>\n<li>Sprung vom Beckenrand und anschlie\u00dfend mindestens 200 m Schwimmen in h\u00f6chstens 7 Minuten<\/li>\n<li>Kenntnis der Baderegeln<\/li>\n<\/ul>\n<p>&nbsp;<\/p>\n<hr \/>\n<p><strong>Schwimmabzeichen Silber<\/strong><br \/>\nMindestalter 18 Jahre<\/p>\n<p><img loading=\"lazy\" class=\"size-full wp-image-170 alignright\" src=\"http:\/\/swim-aktiv.de\/wp-content\/uploads\/2018\/02\/assetService-2-1.gif\" alt=\"\" width=\"100\" height=\"100\" \/><\/p>\n<ul>\n<li>Sprung vom Beckenrand und mindestens 400 m Schwimmen in h\u00f6chstens 12 Minuten<\/li>\n<li>zweimal ca. 2 m Tieftauchen von der Wasseroberfl\u00e4che mit Heraufholen je eines Gegenstandes<\/li>\n<li>10 m Streckentauchen<\/li>\n<li>2 Spr\u00fcnge vom Beckenrand &#8211; je 1 Sprung kopf- und fu\u00dfw\u00e4rts<\/li>\n<li>Kenntnis der Baderegeln und Ma\u00dfnahmen der Selbstrettung<\/li>\n<\/ul>\n<hr \/>\n<p><strong>Schwimmabzeichen Gold<\/strong><br \/>\nMindestalter 18 Jahre<\/p>\n<p><img loading=\"lazy\" class=\"size-full wp-image-171 alignright\" src=\"http:\/\/swim-aktiv.de\/wp-content\/uploads\/2018\/02\/assetService-3-1.gif\" alt=\"\" width=\"100\" height=\"100\" \/><\/p>\n<ul>\n<li>1000 m Schwimmen in h\u00f6chstens 24 Minuten f\u00fcr M\u00e4nner und 29 Minuten f\u00fcr Frauen<\/li>\n<li>100 m Schwimmen in h\u00f6chstens 1:50 Minuten f\u00fcr M\u00e4nner und 2:00 Minuten f\u00fcr Frauen<\/li>\n<li>100 m R\u00fcckenschwimmen, davon 50 m mit Gr\u00e4tschschwung ohne Armt\u00e4tigkeit<\/li>\n<li>15 m Streckentauchen<\/li>\n<li>Tieftauchen von der Wasseroberfl\u00e4che und Heraufholen von drei kleinen Tauchringen aus einer Wassertiefe von etwa zwei Metern innerhalb von 3 Minuten in h\u00f6chstens drei Tauchversuchen<\/li>\n<li>Sprung aus 3 m H\u00f6he oder 2 Spr\u00fcnge aus 1 m H\u00f6he, davon ein Sprung kopf- und ein Sprung fu\u00dfw\u00e4rts<\/li>\n<li>50 m Transportschwimmen: Schieben oder Ziehen<\/li>\n<li>Kenntnis der Baderegeln<\/li>\n<li>Hilfe bei Bade-, Boots- und Eisunf\u00e4llen (Selbst- und einfache Fremdrettung)<\/li>\n<\/ul>\n<p>&nbsp;<\/p>\n<p>&nbsp;<\/p>\n","protected":false},"excerpt":{"rendered":"<p>Fr\u00fchschwimmer (Seepferdchen) Fr\u00fchschwimmer Sprung vom Beckenrand und 25 m Schwimmen Heraufholen eines Gegenstandes mit den H\u00e4nden aus Schulter-tiefem Wasser Jugendschwimmabzeichen<\/p>\n","protected":false},"author":1,"featured_media":0,"parent":119,"menu_order":6,"comment_status":"closed","ping_status":"closed","template":"","meta":[],"_links":{"self":[{"href":"https:\/\/swim-aktiv.de\/index.php?rest_route=\/wp\/v2\/pages\/155"}],"collection":[{"href":"https:\/\/swim-aktiv.de\/index.php?rest_route=\/wp\/v2\/pages"}],"about":[{"href":"https:\/\/swim-aktiv.de\/index.php?rest_route=\/wp\/v2\/types\/page"}],"author":[{"embeddable":true,"href":"https:\/\/swim-aktiv.de\/index.php?rest_route=\/wp\/v2\/users\/1"}],"replies":[{"embeddable":true,"href":"https:\/\/swim-aktiv.de\/index.php?rest_route=%2Fwp%2Fv2%2Fcomments&post=155"}],"version-history":[{"count":8,"href":"https:\/\/swim-aktiv.de\/index.php?rest_route=\/wp\/v2\/pages\/155\/revisions"}],"predecessor-version":[{"id":172,"href":"https:\/\/swim-aktiv.de\/index.php?rest_route=\/wp\/v2\/pages\/155\/revisions\/172"}],"up":[{"embeddable":true,"href":"https:\/\/swim-aktiv.de\/index.php?rest_route=\/wp\/v2\/pages\/119"}],"wp:attachment":[{"href":"https:\/\/swim-aktiv.de\/index.php?rest_route=%2Fwp%2Fv2%2Fmedia&parent=155"}],"curies":[{"name":"wp","href":"https:\/\/api.w.org\/{rel}","templated":true}]}}