{"id":119,"date":"2017-06-13T21:53:56","date_gmt":"2017-06-13T21:53:56","guid":{"rendered":"http:\/\/swim-master.online\/?page_id=119"},"modified":"2022-02-07T17:00:13","modified_gmt":"2022-02-07T17:00:13","slug":"schwimmkurse","status":"publish","type":"page","link":"https:\/\/swim-aktiv.de\/?page_id=119","title":{"rendered":"Schwimmen"},"content":{"rendered":"<p>Hier erfahren Sie in K\u00fcrze \u00fcber unsere Kursangebote f\u00fcr das Kinderschwimmen und \u00fcber die Technik &#8211; Kurse f\u00fcr fortgeschrittenen Schwimmer.<\/p>\n<p>Unser Kindergarten Spezial-Kurs wird in Kooperation der Kinderg\u00e4rten gesondert angegeben. Die Mitteilung und Anmeldung erfolgt \u00fcber den Kindergarten.<\/p>\n<p>Folgende Kurse, Trainings und \u00dcbungsstunden bieten wir an:<\/p>\n<ul>\n<li>Kinderschwimmkurse<\/li>\n<li>Erwachsenenschwimmkurse<\/li>\n<li>Einzel \u2013 Unterrichtsstunden<\/li>\n<li>Individuelle Trainingsstunden<\/li>\n<li>Technik &#8211; Schwimmkurse<\/li>\n<li>Wassergew\u00f6hnung<\/li>\n<li>Angstbew\u00e4ltigung<\/li>\n<\/ul>\n","protected":false},"excerpt":{"rendered":"<p>Hier erfahren Sie in K\u00fcrze \u00fcber unsere Kursangebote f\u00fcr das Kinderschwimmen und \u00fcber die Technik &#8211; Kurse f\u00fcr fortgeschrittenen Schwimmer.<\/p>\n","protected":false},"author":1,"featured_media":0,"parent":0,"menu_order":2,"comment_status":"closed","ping_status":"closed","template":"","meta":[],"_links":{"self":[{"href":"https:\/\/swim-aktiv.de\/index.php?rest_route=\/wp\/v2\/pages\/119"}],"collection":[{"href":"https:\/\/swim-aktiv.de\/index.php?rest_route=\/wp\/v2\/pages"}],"about":[{"href":"https:\/\/swim-aktiv.de\/index.php?rest_route=\/wp\/v2\/types\/page"}],"author":[{"embeddable":true,"href":"https:\/\/swim-aktiv.de\/index.php?rest_route=\/wp\/v2\/users\/1"}],"replies":[{"embeddable":true,"href":"https:\/\/swim-aktiv.de\/index.php?rest_route=%2Fwp%2Fv2%2Fcomments&post=119"}],"version-history":[{"count":6,"href":"https:\/\/swim-aktiv.de\/index.php?rest_route=\/wp\/v2\/pages\/119\/revisions"}],"predecessor-version":[{"id":290,"href":"https:\/\/swim-aktiv.de\/index.php?rest_route=\/wp\/v2\/pages\/119\/revisions\/290"}],"wp:attachment":[{"href":"https:\/\/swim-aktiv.de\/index.php?rest_route=%2Fwp%2Fv2%2Fmedia&parent=119"}],"curies":[{"name":"wp","href":"https:\/\/api.w.org\/{rel}","templated":true}]}}